{"id":290,"date":"2020-05-15T16:25:21","date_gmt":"2020-05-15T16:25:21","guid":{"rendered":"http:\/\/annedewolff-fotografie.de\/?page_id=290"},"modified":"2020-06-05T10:01:49","modified_gmt":"2020-06-05T10:01:49","slug":"ueber-mich","status":"publish","type":"page","link":"https:\/\/annedewolff-fotografie.de\/?page_id=290","title":{"rendered":"\u00dcBER MICH"},"content":{"rendered":"\n<p class=\"has-text-align-center\">Es freut mich, dass du diese Webseite besuchst. Herzlich willkommen! <\/p>\n\n\n\n<div class=\"wp-block-image\"><figure class=\"aligncenter size-large is-resized\"><img loading=\"lazy\" decoding=\"async\" src=\"https:\/\/annedewolff-fotografie.de\/wp-content\/uploads\/2020\/05\/IMG_0096-1024x1024.jpg\" alt=\"\" class=\"wp-image-414\" width=\"255\" height=\"255\" srcset=\"https:\/\/annedewolff-fotografie.de\/wp-content\/uploads\/2020\/05\/IMG_0096-1024x1024.jpg 1024w, https:\/\/annedewolff-fotografie.de\/wp-content\/uploads\/2020\/05\/IMG_0096-300x300.jpg 300w, https:\/\/annedewolff-fotografie.de\/wp-content\/uploads\/2020\/05\/IMG_0096-150x150.jpg 150w, https:\/\/annedewolff-fotografie.de\/wp-content\/uploads\/2020\/05\/IMG_0096-768x768.jpg 768w, https:\/\/annedewolff-fotografie.de\/wp-content\/uploads\/2020\/05\/IMG_0096-1536x1536.jpg 1536w, https:\/\/annedewolff-fotografie.de\/wp-content\/uploads\/2020\/05\/IMG_0096-2048x2048.jpg 2048w, https:\/\/annedewolff-fotografie.de\/wp-content\/uploads\/2020\/05\/IMG_0096-904x904.jpg 904w\" sizes=\"(max-width: 255px) 100vw, 255px\" \/><\/figure><\/div>\n\n\n\n<p class=\"has-text-align-center\">Ich bin Anne de Wolff, lebe seit 2007 in Hamburg und bin als freiberufliche Fotografin und <a href=\"http:\/\/www.annedewolff.de\">Musikerin<\/a> t\u00e4tig.&nbsp;<\/p>\n\n\n\n<p class=\"has-text-align-center\">Fotografie hat mich schon als Kind fasziniert, mit 11 Jahren schenkten mir meine Eltern eine kleine Kamera, die von da an immer dabei war.<\/p>\n\n\n\n<p class=\"has-text-align-center\">1990 zog ich in das sich rasant und faszinierend ver\u00e4ndernde, brodelnde Berlin und begann bald ein Fotografie-Studium am renommierten Lette-Verein. Nach einem Jahr entschied ich mich aber doch f\u00fcr den Abbruch, da ich das Studium wegen meiner musikalischen Aktivit\u00e4ten, die mich zunehmend auf Tourneen schickten, nicht konsequent genug weiterf\u00fchren konnte. <\/p>\n\n\n\n<p class=\"has-text-align-center\">Das Fotografieren hat mich aber weiterhin nie verlassen, ganz im Gegenteil.\u00a0<\/p>\n\n\n\n<p class=\"has-text-align-center\">In beiden Berufen interessiert mich in erster Linie der Mensch und seine Motivation: Was bewegt ihn, was sind seine Visionen und Gedanken, welches \u201eBild\u201c hat er von sich selbst. Hierf\u00fcr den n\u00f6tigen Raum zu schaffen, um die Pers\u00f6nlichkeit einzufangen und herauszustellen hat mich schon immer gereizt. In der Musik ist Klang das Ausdrucksmittel, in der Photographie Licht und Kontur. Die zugrundliegende Philosophie ist bei mir aber ein und dieselbe.<\/p>\n\n\n\n<div class=\"wp-block-group\"><div class=\"wp-block-group__inner-container is-layout-flow wp-block-group-is-layout-flow\">\n<p class=\"has-text-align-center\">Ich konnte in den letzten 25 Jahren zahlreiche Shootings mit K\u00fcnstlern, unterschiedlichsten Berufsgruppen und Privatpersonen durchf\u00fchren. Die in der Galerie gezeigten Fotos sind ein Querschnitt meiner Arbeit.<\/p>\n<\/div><\/div>\n\n\n\n<p>  <\/p>\n\n\n\n<p>  <\/p>\n\n\n\n<p>  <\/p>\n","protected":false},"excerpt":{"rendered":"<p>Es freut mich, dass du diese Webseite besuchst. Herzlich willkommen! Ich bin Anne de Wolff, lebe seit 2007 in Hamburg und bin als freiberufliche Fotografin und Musikerin t\u00e4tig.&nbsp; Fotografie hat mich schon als Kind fasziniert, mit 11 Jahren schenkten mir meine Eltern eine kleine Kamera, die von da an immer dabei war. 1990 zog ich [&hellip;]<\/p>\n","protected":false},"author":1,"featured_media":0,"parent":0,"menu_order":0,"comment_status":"closed","ping_status":"closed","template":"","meta":{"footnotes":""},"_links":{"self":[{"href":"https:\/\/annedewolff-fotografie.de\/index.php?rest_route=\/wp\/v2\/pages\/290"}],"collection":[{"href":"https:\/\/annedewolff-fotografie.de\/index.php?rest_route=\/wp\/v2\/pages"}],"about":[{"href":"https:\/\/annedewolff-fotografie.de\/index.php?rest_route=\/wp\/v2\/types\/page"}],"author":[{"embeddable":true,"href":"https:\/\/annedewolff-fotografie.de\/index.php?rest_route=\/wp\/v2\/users\/1"}],"replies":[{"embeddable":true,"href":"https:\/\/annedewolff-fotografie.de\/index.php?rest_route=%2Fwp%2Fv2%2Fcomments&post=290"}],"version-history":[{"count":11,"href":"https:\/\/annedewolff-fotografie.de\/index.php?rest_route=\/wp\/v2\/pages\/290\/revisions"}],"predecessor-version":[{"id":525,"href":"https:\/\/annedewolff-fotografie.de\/index.php?rest_route=\/wp\/v2\/pages\/290\/revisions\/525"}],"wp:attachment":[{"href":"https:\/\/annedewolff-fotografie.de\/index.php?rest_route=%2Fwp%2Fv2%2Fmedia&parent=290"}],"curies":[{"name":"wp","href":"https:\/\/api.w.org\/{rel}","templated":true}]}}